{"id":92,"date":"2020-08-04T06:12:15","date_gmt":"2020-08-04T06:12:15","guid":{"rendered":"https:\/\/integrarte.info\/our-farm\/"},"modified":"2026-02-05T22:38:37","modified_gmt":"2026-02-05T22:38:37","slug":"nosotros","status":"publish","type":"page","link":"https:\/\/integrarte.info\/en\/nosotros\/","title":{"rendered":"About Us"},"content":{"rendered":"\t\t<div data-elementor-type=\"wp-page\" data-elementor-id=\"92\" class=\"elementor elementor-92\">\n\t\t\t\t\t\t<section class=\"elementor-section elementor-top-section elementor-element elementor-element-6128fcf elementor-section-boxed elementor-section-height-default elementor-section-height-default\" data-id=\"6128fcf\" data-element_type=\"section\" data-e-type=\"section\" data-settings=\"{&quot;background_background&quot;:&quot;classic&quot;}\">\n\t\t\t\t\t\t\t<div class=\"elementor-background-overlay\"><\/div>\n\t\t\t\t\t\t\t<div class=\"elementor-container elementor-column-gap-no\">\n\t\t\t\t\t<div class=\"elementor-column elementor-col-50 elementor-top-column elementor-element elementor-element-fd151ed\" data-id=\"fd151ed\" data-element_type=\"column\" data-e-type=\"column\">\n\t\t\t<div class=\"elementor-widget-wrap elementor-element-populated\">\n\t\t\t\t\t\t<div class=\"elementor-element elementor-element-a845796 elementor-widget-divider--view-line elementor-widget elementor-widget-divider\" data-id=\"a845796\" data-element_type=\"widget\" data-e-type=\"widget\" data-widget_type=\"divider.default\">\n\t\t\t\t<div class=\"elementor-widget-container\">\n\t\t\t\t\t\t\t<div class=\"elementor-divider\">\n\t\t\t<span class=\"elementor-divider-separator\">\n\t\t\t\t\t\t<\/span>\n\t\t<\/div>\n\t\t\t\t\t\t<\/div>\n\t\t\t\t<\/div>\n\t\t\t\t<div class=\"elementor-element elementor-element-b80c507 elementor-widget elementor-widget-heading\" data-id=\"b80c507\" data-element_type=\"widget\" data-e-type=\"widget\" data-widget_type=\"heading.default\">\n\t\t\t\t<div class=\"elementor-widget-container\">\n\t\t\t\t\t<h1 class=\"elementor-heading-title elementor-size-default\">Soy Bruno Ballestrero y acompa\u00f1o procesos de transformaci\u00f3n a trav\u00e9s del entrenamiento f\u00edsico\n<\/h1>\t\t\t\t<\/div>\n\t\t\t\t<\/div>\n\t\t\t\t\t<\/div>\n\t\t<\/div>\n\t\t\t\t<div class=\"elementor-column elementor-col-50 elementor-top-column elementor-element elementor-element-e42f3a2\" data-id=\"e42f3a2\" data-element_type=\"column\" data-e-type=\"column\">\n\t\t\t<div class=\"elementor-widget-wrap elementor-element-populated\">\n\t\t\t\t\t\t<div class=\"elementor-element elementor-element-fc6262a elementor-widget elementor-widget-text-editor\" data-id=\"fc6262a\" data-element_type=\"widget\" data-e-type=\"widget\" data-widget_type=\"text-editor.default\">\n\t\t\t\t<div class=\"elementor-widget-container\">\n\t\t\t\t\t\t\t\t\t<p><span style=\"font-weight: 400;\">Como profesional del coaching, brindo herramientas de salud y bienestar a trav\u00e9s del entrenamiento hol\u00edstico, el coaching integral y ejercicios saludables que fortalecen cuerpo y mente.<\/span><\/p>\t\t\t\t\t\t\t\t<\/div>\n\t\t\t\t<\/div>\n\t\t\t\t\t<\/div>\n\t\t<\/div>\n\t\t\t\t\t<\/div>\n\t\t<\/section>\n\t\t\t\t<section class=\"elementor-section elementor-top-section elementor-element elementor-element-2726884 elementor-section-boxed elementor-section-height-default elementor-section-height-default\" data-id=\"2726884\" data-element_type=\"section\" data-e-type=\"section\">\n\t\t\t\t\t\t<div class=\"elementor-container elementor-column-gap-no\">\n\t\t\t\t\t<div class=\"elementor-column elementor-col-100 elementor-top-column elementor-element elementor-element-c6dac85\" data-id=\"c6dac85\" data-element_type=\"column\" data-e-type=\"column\">\n\t\t\t<div class=\"elementor-widget-wrap elementor-element-populated\">\n\t\t\t\t\t\t<div class=\"elementor-element elementor-element-a6cfd48 elementor-widget elementor-widget-heading\" data-id=\"a6cfd48\" data-element_type=\"widget\" data-e-type=\"widget\" data-widget_type=\"heading.default\">\n\t\t\t\t<div class=\"elementor-widget-container\">\n\t\t\t\t\t<h6 class=\"elementor-heading-title elementor-size-default\">Mi historia<\/h6>\t\t\t\t<\/div>\n\t\t\t\t<\/div>\n\t\t\t\t<div class=\"elementor-element elementor-element-4844185 elementor-widget-divider--view-line elementor-widget elementor-widget-divider\" data-id=\"4844185\" data-element_type=\"widget\" data-e-type=\"widget\" data-widget_type=\"divider.default\">\n\t\t\t\t<div class=\"elementor-widget-container\">\n\t\t\t\t\t\t\t<div class=\"elementor-divider\">\n\t\t\t<span class=\"elementor-divider-separator\">\n\t\t\t\t\t\t<\/span>\n\t\t<\/div>\n\t\t\t\t\t\t<\/div>\n\t\t\t\t<\/div>\n\t\t\t\t<div class=\"elementor-element elementor-element-f3bbca3 elementor-widget elementor-widget-heading\" data-id=\"f3bbca3\" data-element_type=\"widget\" data-e-type=\"widget\" data-widget_type=\"heading.default\">\n\t\t\t\t<div class=\"elementor-widget-container\">\n\t\t\t\t\t<h2 class=\"elementor-heading-title elementor-size-default\">Mi camino en el coaching integral y el entrenamiento hol\u00edstico\n<\/h2>\t\t\t\t<\/div>\n\t\t\t\t<\/div>\n\t\t\t\t<div class=\"elementor-element elementor-element-6e4cc60 elementor-widget elementor-widget-text-editor\" data-id=\"6e4cc60\" data-element_type=\"widget\" data-e-type=\"widget\" data-widget_type=\"text-editor.default\">\n\t\t\t\t<div class=\"elementor-widget-container\">\n\t\t\t\t\t\t\t\t\t<p>Comenc\u00e9 mi exploraci\u00f3n de la conexi\u00f3n entre cuerpo y mente-coraz\u00f3n desde temprana edad. Hijo de psic\u00f3logos (con m\u00e1s de una d\u00e9cada de pr\u00e1ctica de psicoterapia realizada), siempre sent\u00ed que algo faltaba con la s\u00f3la palabra. Empec\u00e9 a estudiar kung fu y yoga con seriedad a los 14 a\u00f1os, y a dar clases de kung fu y tai chi a los 18.<span class=\"Apple-converted-space\">\u00a0<\/span><\/p><p>A los 21 a\u00f1os ya viv\u00eda exclusivamente de ese oficio, sobre el cual fui agregando y explorando nuevos enfoques (el sistema de pesas rusas, acondicionamiento f\u00edsico funcional, defensa personal, meditaci\u00f3n zen, y otras escuelas de artes marciales). Fund\u00e9 el Centro San Bao en 2008 en Buenos Aires, que funcion\u00f3 hasta fines de 2020, y San Bao Center en Hawai, que funcion\u00f3 desde 2013-2018. Tambi\u00e9n dict\u00e9 clases en universidades, geri\u00e1tricos, empresas, y clubes \u00a0privados.<span class=\"Apple-converted-space\">\u00a0<a href=\"https:\/\/docs.google.com\/document\/d\/1h5kY8yi6U9rtWUwIVLR2Db2eUMoSEfkwM-9T6C8uK0E\/edit\">Ver CV completo aqu\u00ed.<\/a><\/span><\/p>\t\t\t\t\t\t\t\t<\/div>\n\t\t\t\t<\/div>\n\t\t\t\t<div class=\"elementor-element elementor-element-f52390c elementor-widget elementor-widget-image\" data-id=\"f52390c\" data-element_type=\"widget\" data-e-type=\"widget\" data-widget_type=\"image.default\">\n\t\t\t\t<div class=\"elementor-widget-container\">\n\t\t\t\t\t\t\t\t\t\t\t\t\t\t\t<img fetchpriority=\"high\" decoding=\"async\" width=\"2560\" height=\"1703\" src=\"https:\/\/integrarte.info\/wp-content\/uploads\/2026\/01\/Bruno_practicando_montana-scaled.webp\" class=\"attachment-full size-full wp-image-886\" alt=\"Bruno_practicando_montan\u0303a\" srcset=\"https:\/\/integrarte.info\/wp-content\/uploads\/2026\/01\/Bruno_practicando_montana-scaled.webp 2560w, https:\/\/integrarte.info\/wp-content\/uploads\/2026\/01\/Bruno_practicando_montana-300x200.webp 300w, https:\/\/integrarte.info\/wp-content\/uploads\/2026\/01\/Bruno_practicando_montana-1024x681.webp 1024w, https:\/\/integrarte.info\/wp-content\/uploads\/2026\/01\/Bruno_practicando_montana-768x511.webp 768w, https:\/\/integrarte.info\/wp-content\/uploads\/2026\/01\/Bruno_practicando_montana-1536x1022.webp 1536w, https:\/\/integrarte.info\/wp-content\/uploads\/2026\/01\/Bruno_practicando_montana-2048x1363.webp 2048w, https:\/\/integrarte.info\/wp-content\/uploads\/2026\/01\/Bruno_practicando_montana-18x12.webp 18w\" sizes=\"(max-width: 2560px) 100vw, 2560px\" \/>\t\t\t\t\t\t\t\t\t\t\t\t\t\t\t<\/div>\n\t\t\t\t<\/div>\n\t\t\t\t<section class=\"elementor-section elementor-inner-section elementor-element elementor-element-82c21c8 elementor-section-boxed elementor-section-height-default elementor-section-height-default\" data-id=\"82c21c8\" data-element_type=\"section\" data-e-type=\"section\">\n\t\t\t\t\t\t<div class=\"elementor-container elementor-column-gap-no\">\n\t\t\t\t\t<div class=\"elementor-column elementor-col-33 elementor-inner-column elementor-element elementor-element-88f5eed\" data-id=\"88f5eed\" data-element_type=\"column\" data-e-type=\"column\">\n\t\t\t<div class=\"elementor-widget-wrap elementor-element-populated\">\n\t\t\t\t\t\t<div class=\"elementor-element elementor-element-74c1dbf elementor-widget-divider--view-line elementor-widget elementor-widget-divider\" data-id=\"74c1dbf\" data-element_type=\"widget\" data-e-type=\"widget\" data-widget_type=\"divider.default\">\n\t\t\t\t<div class=\"elementor-widget-container\">\n\t\t\t\t\t\t\t<div class=\"elementor-divider\">\n\t\t\t<span class=\"elementor-divider-separator\">\n\t\t\t\t\t\t<\/span>\n\t\t<\/div>\n\t\t\t\t\t\t<\/div>\n\t\t\t\t<\/div>\n\t\t\t\t<div class=\"elementor-element elementor-element-b50b043 elementor-widget elementor-widget-heading\" data-id=\"b50b043\" data-element_type=\"widget\" data-e-type=\"widget\" data-widget_type=\"heading.default\">\n\t\t\t\t<div class=\"elementor-widget-container\">\n\t\t\t\t\t<h2 class=\"elementor-heading-title elementor-size-default\">Mi Pasi\u00f3n<\/h2>\t\t\t\t<\/div>\n\t\t\t\t<\/div>\n\t\t\t\t\t<\/div>\n\t\t<\/div>\n\t\t\t\t<div class=\"elementor-column elementor-col-66 elementor-inner-column elementor-element elementor-element-0290361\" data-id=\"0290361\" data-element_type=\"column\" data-e-type=\"column\">\n\t\t\t<div class=\"elementor-widget-wrap elementor-element-populated\">\n\t\t\t\t\t\t<div class=\"elementor-element elementor-element-c733df5 elementor-widget elementor-widget-text-editor\" data-id=\"c733df5\" data-element_type=\"widget\" data-e-type=\"widget\" data-widget_type=\"text-editor.default\">\n\t\t\t\t<div class=\"elementor-widget-container\">\n\t\t\t\t\t\t\t\t\t<p>Mi pasi\u00f3n por ense\u00f1ar las artes de movimiento y conciencia corporal viene del deseo de ayudar a que la gente se sienta mejor. Mis alumnos m\u00e1s comprometidos me han dicho que su pr\u00e1ctica les ayud\u00f3 a fortalecerse, sanarse, y crecer como personas, y eso es lo que me motiva a seguir aprendiendo y creciendo yo.<span class=\"Apple-converted-space\">\u00a0<\/span><\/p>\t\t\t\t\t\t\t\t<\/div>\n\t\t\t\t<\/div>\n\t\t\t\t<div class=\"elementor-element elementor-element-c6efaf6 elementor-widget elementor-widget-text-editor\" data-id=\"c6efaf6\" data-element_type=\"widget\" data-e-type=\"widget\" data-widget_type=\"text-editor.default\">\n\t\t\t\t<div class=\"elementor-widget-container\">\n\t\t\t\t\t\t\t\t\t<div class=\"page\" title=\"Page 5\"><div class=\"section\"><div class=\"layoutArea\"><div class=\"column\"><p>Actualmente estudio el llamado <a href=\"https:\/\/practicalmethod.com\">\u201cMe\u0301todo Pra\u0301ctico\u201d<\/a> de tai chi con el maestro Chen Zonghua y me recib\u00ed como \u00abtransformational life coach\u00bb en 2024. En paralelo, me estoy informando en las nuevas fronteras de investigacio\u0301n en la neurociencia y la psicologi\u0301a, donde sigue cobrando con cada vez ma\u0301s fuerza la idea de que hay muchas dificultades \u2013tanto fi\u0301sicas como emocionales\u2013 que responden mejor a una terapia integradora, incorporando el cuerpo de manera intencional en cualquier programa de recuperacio\u0301n o sanacio\u0301n. Porque al final somos personas complejas y completas, y para realmente cuidar nuestra salud, nos conviene abordarla en su totalidad.<\/p><\/div><\/div><\/div><\/div>\t\t\t\t\t\t\t\t<\/div>\n\t\t\t\t<\/div>\n\t\t\t\t\t<\/div>\n\t\t<\/div>\n\t\t\t\t\t<\/div>\n\t\t<\/section>\n\t\t\t\t\t<\/div>\n\t\t<\/div>\n\t\t\t\t\t<\/div>\n\t\t<\/section>\n\t\t\t\t<section class=\"elementor-section elementor-top-section elementor-element elementor-element-6d5cb9e elementor-section-content-middle elementor-section-boxed elementor-section-height-default elementor-section-height-default\" data-id=\"6d5cb9e\" data-element_type=\"section\" data-e-type=\"section\" data-settings=\"{&quot;background_background&quot;:&quot;classic&quot;}\">\n\t\t\t\t\t\t<div class=\"elementor-container elementor-column-gap-no\">\n\t\t\t\t\t<div class=\"elementor-column elementor-col-33 elementor-top-column elementor-element elementor-element-dd9139b\" data-id=\"dd9139b\" data-element_type=\"column\" data-e-type=\"column\">\n\t\t\t<div class=\"elementor-widget-wrap elementor-element-populated\">\n\t\t\t\t\t\t<div class=\"elementor-element elementor-element-8d45f37 elementor-widget elementor-widget-image\" data-id=\"8d45f37\" data-element_type=\"widget\" data-e-type=\"widget\" data-widget_type=\"image.default\">\n\t\t\t\t<div class=\"elementor-widget-container\">\n\t\t\t\t\t\t\t\t\t\t\t\t\t\t\t<img decoding=\"async\" width=\"768\" height=\"1024\" data-src=\"https:\/\/integrarte.info\/wp-content\/uploads\/2024\/02\/Bruno_headshot-768x1024.jpg\" class=\"attachment-large size-large wp-image-800 lazyload\" alt=\"Clases De Taich\u00ed Online\" data-srcset=\"https:\/\/integrarte.info\/wp-content\/uploads\/2024\/02\/Bruno_headshot-768x1024.jpg 768w, https:\/\/integrarte.info\/wp-content\/uploads\/2024\/02\/Bruno_headshot-225x300.jpg 225w, https:\/\/integrarte.info\/wp-content\/uploads\/2024\/02\/Bruno_headshot-1152x1536.jpg 1152w, https:\/\/integrarte.info\/wp-content\/uploads\/2024\/02\/Bruno_headshot-1536x2048.jpg 1536w, https:\/\/integrarte.info\/wp-content\/uploads\/2024\/02\/Bruno_headshot-9x12.jpg 9w, https:\/\/integrarte.info\/wp-content\/uploads\/2024\/02\/Bruno_headshot-scaled.jpg 1920w\" data-sizes=\"(max-width: 768px) 100vw, 768px\" src=\"data:image\/svg+xml;base64,PHN2ZyB3aWR0aD0iMSIgaGVpZ2h0PSIxIiB4bWxucz0iaHR0cDovL3d3dy53My5vcmcvMjAwMC9zdmciPjwvc3ZnPg==\" style=\"--smush-placeholder-width: 768px; --smush-placeholder-aspect-ratio: 768\/1024;\" \/>\t\t\t\t\t\t\t\t\t\t\t\t\t\t\t<\/div>\n\t\t\t\t<\/div>\n\t\t\t\t\t<\/div>\n\t\t<\/div>\n\t\t\t\t<div class=\"elementor-column elementor-col-66 elementor-top-column elementor-element elementor-element-ea0990b\" data-id=\"ea0990b\" data-element_type=\"column\" data-e-type=\"column\">\n\t\t\t<div class=\"elementor-widget-wrap elementor-element-populated\">\n\t\t\t\t\t\t<div class=\"elementor-element elementor-element-f208cf0 elementor-widget elementor-widget-heading\" data-id=\"f208cf0\" data-element_type=\"widget\" data-e-type=\"widget\" data-widget_type=\"heading.default\">\n\t\t\t\t<div class=\"elementor-widget-container\">\n\t\t\t\t\t<h2 class=\"elementor-heading-title elementor-size-default\">Sumate a este camino de transformaci\u00f3n real<\/h2>\t\t\t\t<\/div>\n\t\t\t\t<\/div>\n\t\t\t\t<div class=\"elementor-element elementor-element-78d13bc elementor-widget elementor-widget-text-editor\" data-id=\"78d13bc\" data-element_type=\"widget\" data-e-type=\"widget\" data-widget_type=\"text-editor.default\">\n\t\t\t\t<div class=\"elementor-widget-container\">\n\t\t\t\t\t\t\t\t\t<p><span style=\"font-weight: 400;\">A lo largo de los a\u00f1os entend\u00ed que el bienestar no se alcanza forzando el cuerpo, sino escuch\u00e1ndolo. Hoy, desde mi experiencia en coaching personal, entrenamiento hol\u00edstico y ejercicios saludables, acompa\u00f1o a personas que buscan algo m\u00e1s que una rutina: buscan reconectar consigo mismas.<\/span><\/p><p><span style=\"font-weight: 400;\">Si sent\u00eds que es momento de volver a habitar tu cuerpo con conciencia, estoy ac\u00e1 para guiarte. Cada proceso es \u00fanico, y el tuyo tambi\u00e9n puede empezar hoy.<\/span><\/p>\t\t\t\t\t\t\t\t<\/div>\n\t\t\t\t<\/div>\n\t\t\t\t<div class=\"elementor-element elementor-element-a4a5885 elementor-vertical-align-middle elementor-widget elementor-widget-image-box\" data-id=\"a4a5885\" data-element_type=\"widget\" data-e-type=\"widget\" data-widget_type=\"image-box.default\">\n\t\t\t\t<div class=\"elementor-widget-container\">\n\t\t\t\t\t<div class=\"elementor-image-box-wrapper\"><div class=\"elementor-image-box-content\"><h4 class=\"elementor-image-box-title\">Bruno N. Ballestrero<\/h4><p class=\"elementor-image-box-description\">Coach en Movimiento y Conciencia Corporal<\/p><\/div><\/div>\t\t\t\t<\/div>\n\t\t\t\t<\/div>\n\t\t\t\t\t<\/div>\n\t\t<\/div>\n\t\t\t\t\t<\/div>\n\t\t<\/section>\n\t\t\t\t<section class=\"elementor-section elementor-top-section elementor-element elementor-element-7ae0d578 elementor-section-boxed elementor-section-height-default elementor-section-height-default\" data-id=\"7ae0d578\" data-element_type=\"section\" data-e-type=\"section\" data-settings=\"{&quot;background_background&quot;:&quot;classic&quot;}\">\n\t\t\t\t\t\t\t<div class=\"elementor-background-overlay\"><\/div>\n\t\t\t\t\t\t\t<div class=\"elementor-container elementor-column-gap-no\">\n\t\t\t\t\t<div class=\"elementor-column elementor-col-100 elementor-top-column elementor-element elementor-element-5c64fe74\" data-id=\"5c64fe74\" data-element_type=\"column\" data-e-type=\"column\">\n\t\t\t<div class=\"elementor-widget-wrap elementor-element-populated\">\n\t\t\t\t\t\t<div class=\"elementor-element elementor-element-a58df09 elementor-widget-divider--view-line elementor-widget elementor-widget-divider\" data-id=\"a58df09\" data-element_type=\"widget\" data-e-type=\"widget\" data-widget_type=\"divider.default\">\n\t\t\t\t<div class=\"elementor-widget-container\">\n\t\t\t\t\t\t\t<div class=\"elementor-divider\">\n\t\t\t<span class=\"elementor-divider-separator\">\n\t\t\t\t\t\t<\/span>\n\t\t<\/div>\n\t\t\t\t\t\t<\/div>\n\t\t\t\t<\/div>\n\t\t\t\t<div class=\"elementor-element elementor-element-1c12d983 elementor-widget elementor-widget-heading\" data-id=\"1c12d983\" data-element_type=\"widget\" data-e-type=\"widget\" data-widget_type=\"heading.default\">\n\t\t\t\t<div class=\"elementor-widget-container\">\n\t\t\t\t\t<h2 class=\"elementor-heading-title elementor-size-default\">Recibir Promociones y Novedades<\/h2>\t\t\t\t<\/div>\n\t\t\t\t<\/div>\n\t\t\t\t<div class=\"elementor-element elementor-element-76b8bedc elementor-widget elementor-widget-text-editor\" data-id=\"76b8bedc\" data-element_type=\"widget\" data-e-type=\"widget\" data-widget_type=\"text-editor.default\">\n\t\t\t\t<div class=\"elementor-widget-container\">\n\t\t\t\t\t\t\t\t\t<p><span style=\"font-weight: 400;\">Prometemos no llenarte el mail. Solo compartimos contenido \u00fatil, herramientas de coaching personal, novedades de entrenamiento hol\u00edstico y ofertas exclusivas para tu pr\u00e1ctica.<\/span><\/p>\t\t\t\t\t\t\t\t<\/div>\n\t\t\t\t<\/div>\n\t\t\t\t<div class=\"elementor-element elementor-element-1ec11868 elementor-widget elementor-widget-wp-widget-wpforms-widget\" data-id=\"1ec11868\" data-element_type=\"widget\" data-e-type=\"widget\" data-widget_type=\"wp-widget-wpforms-widget.default\">\n\t\t\t\t<div class=\"elementor-widget-container\">\n\t\t\t\t\t<div class=\"wpforms-container inline-fields\" id=\"wpforms-16\"><form id=\"wpforms-form-16\" class=\"wpforms-validate wpforms-form\" data-formid=\"16\" method=\"post\" enctype=\"multipart\/form-data\" action=\"\/en\/wp-json\/wp\/v2\/pages\/92\" data-token=\"7a42cf281fe47a0171566a4163c88077\"><noscript class=\"wpforms-error-noscript\">Please enable JavaScript in your browser to complete this form.<\/noscript><div class=\"wpforms-field-container\"><div id=\"wpforms-16-field_1-container\" class=\"wpforms-field wpforms-field-email\" data-field-id=\"1\"><label class=\"wpforms-field-label wpforms-label-hide\" for=\"wpforms-16-field_1\">Email <span class=\"wpforms-required-label\">*<\/span><\/label><input type=\"email\" id=\"wpforms-16-field_1\" class=\"wpforms-field-large wpforms-field-required\" name=\"wpforms[fields][1]\" placeholder=\"Email address\" spellcheck=\"false\" required><\/div><\/div><!-- .wpforms-field-container --><div class=\"wpforms-field wpforms-field-hp\"><label for=\"wpforms-16-field-hp\" class=\"wpforms-field-label\">Website<\/label><input type=\"text\" name=\"wpforms[hp]\" id=\"wpforms-16-field-hp\" class=\"wpforms-field-medium\"><\/div><div class=\"wpforms-submit-container\" ><input type=\"hidden\" name=\"wpforms[id]\" value=\"16\"><input type=\"hidden\" name=\"wpforms[author]\" value=\"1\"><button type=\"submit\" name=\"wpforms[submit]\" id=\"wpforms-submit-16\" class=\"wpforms-submit\" data-alt-text=\"Procesando...\" data-submit-text=\"Anotarse\" aria-live=\"assertive\" value=\"wpforms-submit\">Anotarse<\/button><\/div><\/form><\/div>  <!-- .wpforms-container -->\t\t\t\t<\/div>\n\t\t\t\t<\/div>\n\t\t\t\t\t<\/div>\n\t\t<\/div>\n\t\t\t\t\t<\/div>\n\t\t<\/section>\n\t\t\t\t<\/div>\n\t\t","protected":false},"excerpt":{"rendered":"<p>Soy Bruno Ballestrero y acompa\u00f1o procesos de transformaci\u00f3n a trav\u00e9s del entrenamiento f\u00edsico Como profesional del coaching, brindo herramientas de salud y bienestar a trav\u00e9s del entrenamiento hol\u00edstico, el coaching integral y ejercicios saludables que fortalecen cuerpo y mente. Mi historia Mi camino en el coaching integral y el entrenamiento hol\u00edstico Comenc\u00e9 mi exploraci\u00f3n de [&hellip;]<\/p>\n","protected":false},"author":1,"featured_media":0,"parent":0,"menu_order":0,"comment_status":"closed","ping_status":"closed","template":"","meta":{"_coblocks_attr":"","_coblocks_dimensions":"","_coblocks_responsive_height":"","_coblocks_accordion_ie_support":"","_uag_custom_page_level_css":"","site-sidebar-layout":"no-sidebar","site-content-layout":"page-builder","ast-site-content-layout":"full-width-container","site-content-style":"unboxed","site-sidebar-style":"unboxed","ast-global-header-display":"","ast-banner-title-visibility":"","ast-main-header-display":"","ast-hfb-above-header-display":"","ast-hfb-below-header-display":"","ast-hfb-mobile-header-display":"","site-post-title":"disabled","ast-breadcrumbs-content":"","ast-featured-img":"disabled","footer-sml-layout":"","ast-disable-related-posts":"","theme-transparent-header-meta":"enabled","adv-header-id-meta":"","stick-header-meta":"","header-above-stick-meta":"","header-main-stick-meta":"","header-below-stick-meta":"","astra-migrate-meta-layouts":"set","ast-page-background-enabled":"default","ast-page-background-meta":{"desktop":{"background-color":"","background-image":"","background-repeat":"repeat","background-position":"center center","background-size":"auto","background-attachment":"scroll","background-type":"","background-media":"","overlay-type":"","overlay-color":"","overlay-opacity":"","overlay-gradient":""},"tablet":{"background-color":"","background-image":"","background-repeat":"repeat","background-position":"center center","background-size":"auto","background-attachment":"scroll","background-type":"","background-media":"","overlay-type":"","overlay-color":"","overlay-opacity":"","overlay-gradient":""},"mobile":{"background-color":"","background-image":"","background-repeat":"repeat","background-position":"center center","background-size":"auto","background-attachment":"scroll","background-type":"","background-media":"","overlay-type":"","overlay-color":"","overlay-opacity":"","overlay-gradient":""}},"ast-content-background-meta":{"desktop":{"background-color":"var(--ast-global-color-5)","background-image":"","background-repeat":"repeat","background-position":"center center","background-size":"auto","background-attachment":"scroll","background-type":"","background-media":"","overlay-type":"","overlay-color":"","overlay-opacity":"","overlay-gradient":""},"tablet":{"background-color":"var(--ast-global-color-5)","background-image":"","background-repeat":"repeat","background-position":"center center","background-size":"auto","background-attachment":"scroll","background-type":"","background-media":"","overlay-type":"","overlay-color":"","overlay-opacity":"","overlay-gradient":""},"mobile":{"background-color":"var(--ast-global-color-5)","background-image":"","background-repeat":"repeat","background-position":"center center","background-size":"auto","background-attachment":"scroll","background-type":"","background-media":"","overlay-type":"","overlay-color":"","overlay-opacity":"","overlay-gradient":""}},"footnotes":""},"class_list":["post-92","page","type-page","status-publish","hentry"],"uagb_featured_image_src":{"full":false,"thumbnail":false,"medium":false,"medium_large":false,"large":false,"1536x1536":false,"2048x2048":false,"trp-custom-language-flag":false},"uagb_author_info":{"display_name":"brunogodaddyintegrarte","author_link":"https:\/\/integrarte.info\/en\/author\/brunogodaddyintegrarte\/"},"uagb_comment_info":0,"uagb_excerpt":"Soy Bruno Ballestrero y acompa\u00f1o procesos de transformaci\u00f3n a trav\u00e9s del entrenamiento f\u00edsico Como profesional del coaching, brindo herramientas de salud y bienestar a trav\u00e9s del entrenamiento hol\u00edstico, el coaching integral y ejercicios saludables que fortalecen cuerpo y mente. Mi historia Mi camino en el coaching integral y el entrenamiento hol\u00edstico Comenc\u00e9 mi exploraci\u00f3n de&hellip;","_links":{"self":[{"href":"https:\/\/integrarte.info\/en\/wp-json\/wp\/v2\/pages\/92","targetHints":{"allow":["GET"]}}],"collection":[{"href":"https:\/\/integrarte.info\/en\/wp-json\/wp\/v2\/pages"}],"about":[{"href":"https:\/\/integrarte.info\/en\/wp-json\/wp\/v2\/types\/page"}],"author":[{"embeddable":true,"href":"https:\/\/integrarte.info\/en\/wp-json\/wp\/v2\/users\/1"}],"replies":[{"embeddable":true,"href":"https:\/\/integrarte.info\/en\/wp-json\/wp\/v2\/comments?post=92"}],"version-history":[{"count":86,"href":"https:\/\/integrarte.info\/en\/wp-json\/wp\/v2\/pages\/92\/revisions"}],"predecessor-version":[{"id":910,"href":"https:\/\/integrarte.info\/en\/wp-json\/wp\/v2\/pages\/92\/revisions\/910"}],"wp:attachment":[{"href":"https:\/\/integrarte.info\/en\/wp-json\/wp\/v2\/media?parent=92"}],"curies":[{"name":"wp","href":"https:\/\/api.w.org\/{rel}","templated":true}]}}